{"id":40935,"date":"2023-06-20T12:57:48","date_gmt":"2023-06-20T12:57:48","guid":{"rendered":"https:\/\/manashomes.com\/impressum\/"},"modified":"2023-06-26T10:19:11","modified_gmt":"2023-06-26T10:19:11","slug":"impressum","status":"publish","type":"page","link":"https:\/\/manashomes.com\/hr\/impressum\/","title":{"rendered":"Impressum"},"content":{"rendered":"\n<h1 class=\"wp-block-heading\">Impressum<\/h1>\n\n<p>OLIDO CONCEPT d.o.o.<br\/>\nPore\u010d &#8211; Parenzo<br\/>\nMihe \u017dupani\u0107a 6<br\/>\nHR13441683170<br\/>\n<a href=\"mailto:info@manashomes.com\" target=\"_blank\" style=\"color:#000000\" rel=\"noopener\">info@manashomes.com<\/a>\n<\/p>\n","protected":false},"excerpt":{"rendered":"<p>Impressum OLIDO CONCEPT d.o.o. Pore\u010d &#8211; Parenzo Mihe \u017dupani\u0107a 6 HR13441683170 info@manashomes.com<\/p>\n","protected":false},"author":1,"featured_media":0,"parent":0,"menu_order":0,"comment_status":"closed","ping_status":"closed","template":"","meta":{"footnotes":""},"class_list":["post-40935","page","type-page","status-publish","hentry"],"aioseo_notices":[],"_links":{"self":[{"href":"https:\/\/manashomes.com\/hr\/wp-json\/wp\/v2\/pages\/40935","targetHints":{"allow":["GET"]}}],"collection":[{"href":"https:\/\/manashomes.com\/hr\/wp-json\/wp\/v2\/pages"}],"about":[{"href":"https:\/\/manashomes.com\/hr\/wp-json\/wp\/v2\/types\/page"}],"author":[{"embeddable":true,"href":"https:\/\/manashomes.com\/hr\/wp-json\/wp\/v2\/users\/1"}],"replies":[{"embeddable":true,"href":"https:\/\/manashomes.com\/hr\/wp-json\/wp\/v2\/comments?post=40935"}],"version-history":[{"count":5,"href":"https:\/\/manashomes.com\/hr\/wp-json\/wp\/v2\/pages\/40935\/revisions"}],"predecessor-version":[{"id":41883,"href":"https:\/\/manashomes.com\/hr\/wp-json\/wp\/v2\/pages\/40935\/revisions\/41883"}],"wp:attachment":[{"href":"https:\/\/manashomes.com\/hr\/wp-json\/wp\/v2\/media?parent=40935"}],"curies":[{"name":"wp","href":"https:\/\/api.w.org\/{rel}","templated":true}]}}